{"id":92,"date":"2015-04-08T10:45:39","date_gmt":"2015-04-08T10:45:39","guid":{"rendered":"http:\/\/bulla-garlonta.de\/?page_id=92"},"modified":"2022-10-08T20:15:35","modified_gmt":"2022-10-08T20:15:35","slug":"schwerpunkte-2","status":"publish","type":"page","link":"https:\/\/bulla-garlonta.de\/?page_id=92","title":{"rendered":"Angebote"},"content":{"rendered":"<h1>Behandlungsangebote<\/h1>\n<p>Im Rahmen meiner psychotherapeutischen T\u00e4tigkeit\u00a0sehe ich mich in der Lage alle psychischen St\u00f6rungen zu therapieren, <strong>St\u00f6rungsbilder des Erwachsenenalters. <\/strong>Dennoch gibt es eine Schwerpunktsetzung. Ich arbeite dabei kognitiv verhaltenstherapeutisch mit Schwerpunkt Schematherapie. Meine Arbeit wird zunehmend erg\u00e4nzt durch die neurowissenschaftliche Perspektive. Entspannungsverfahren geh\u00f6ren zu meinem therapeutischen Alltag. Ich arbeite vor Ort, aber auch gerne online (alle Kassen und privat).<\/p>\n<p><strong>Einzeltherapie: <\/strong>Ich biete Therapie im Besonderen bei:<br \/>\n&#8211; (chronische) Depressionen<br \/>\n&#8211; Angstst\u00f6rungen &#8211; auch <em>Pr\u00fcfungs\u00e4ngste<\/em>: Fahrschulpr\u00fcfung, universit\u00e4re und schulische Pr\u00fcfungen; \u00c4ngste im wettbewerbsorientierten Welt des Sports<br \/>\n&#8211; Pers\u00f6nlichkeitsst\u00f6rungen<br \/>\n&#8211; Akute Belastungsreaktionen und Anpassungsst\u00f6rungen (z.B. Trennungssituation, Verlusterlebnisse, Erkrankungen, Trauerfall\/ Trauerbew\u00e4ltigung, Unfall)<br \/>\n&#8211; Stress und Burnout (z.B. famili\u00e4re Konflikte, Konflikte am Arbeitsplatz, \u00dcberforderung)<br \/>\n&#8211; (unklare) k\u00f6rperliche Beschwerden.<\/p>\n<p>Auch interaktionell sowie themenzentrierte (Bearbeitung aktueller Themen), aber auch schematherapeutische (Bearbeitung von Lebensmuster) <strong>Gruppentherapien<\/strong> werden angeboten, vor Ort oder online<br \/>\n(alle Kassen und privat)<\/p>\n<p>Weiterhin biete ich an:<br \/>\n<strong>Schema-Coaching\/Beratung<\/strong><\/p>\n<p><strong>Paartherapie<\/strong>, mit Schwerpunkt Schematherapie<\/p>\n<p><strong>PsyRENA <\/strong>&#8211; Gruppen &amp;\u00a0<strong>digIRENA &#8211; Gruppen<\/strong> (online) &#8211; beide nach der REHA &#8211; Ma\u00dfnahme<\/p>\n<p><strong>Trainings und Seminare<\/strong><\/p>\n<p style=\"text-align: justify;\">\n","protected":false},"excerpt":{"rendered":"<p>Behandlungsangebote Im Rahmen meiner psychotherapeutischen T\u00e4tigkeit\u00a0sehe ich mich in der Lage alle psychischen St\u00f6rungen zu therapieren, St\u00f6rungsbilder des Erwachsenenalters. Dennoch gibt es eine Schwerpunktsetzung. Ich arbeite dabei kognitiv verhaltenstherapeutisch mit Schwerpunkt Schematherapie. Meine Arbeit wird zunehmend erg\u00e4nzt durch die neurowissenschaftliche Perspektive. Entspannungsverfahren geh\u00f6ren zu meinem therapeutischen Alltag. Ich arbeite vor Ort, aber auch gerne online [&hellip;]<\/p>\n","protected":false},"author":1,"featured_media":0,"parent":0,"menu_order":3,"comment_status":"closed","ping_status":"closed","template":"","meta":{"footnotes":""},"class_list":["post-92","page","type-page","status-publish","hentry"],"_links":{"self":[{"href":"https:\/\/bulla-garlonta.de\/index.php?rest_route=\/wp\/v2\/pages\/92","targetHints":{"allow":["GET"]}}],"collection":[{"href":"https:\/\/bulla-garlonta.de\/index.php?rest_route=\/wp\/v2\/pages"}],"about":[{"href":"https:\/\/bulla-garlonta.de\/index.php?rest_route=\/wp\/v2\/types\/page"}],"author":[{"embeddable":true,"href":"https:\/\/bulla-garlonta.de\/index.php?rest_route=\/wp\/v2\/users\/1"}],"replies":[{"embeddable":true,"href":"https:\/\/bulla-garlonta.de\/index.php?rest_route=%2Fwp%2Fv2%2Fcomments&post=92"}],"version-history":[{"count":73,"href":"https:\/\/bulla-garlonta.de\/index.php?rest_route=\/wp\/v2\/pages\/92\/revisions"}],"predecessor-version":[{"id":921,"href":"https:\/\/bulla-garlonta.de\/index.php?rest_route=\/wp\/v2\/pages\/92\/revisions\/921"}],"wp:attachment":[{"href":"https:\/\/bulla-garlonta.de\/index.php?rest_route=%2Fwp%2Fv2%2Fmedia&parent=92"}],"curies":[{"name":"wp","href":"https:\/\/api.w.org\/{rel}","templated":true}]}}