{"id":203,"date":"2016-01-04T07:40:18","date_gmt":"2016-01-04T07:40:18","guid":{"rendered":"http:\/\/bulla-garlonta.de\/?page_id=203"},"modified":"2025-06-29T20:49:06","modified_gmt":"2025-06-29T20:49:06","slug":"kostenuebernahme","status":"publish","type":"page","link":"https:\/\/bulla-garlonta.de\/?page_id=203","title":{"rendered":"Kosten\u00fcbernahme"},"content":{"rendered":"<p><strong>Gesetzliche Krankenversicherung<\/strong><\/p>\n<p>Als zugelassene Psychotherapeutin bin ich im Versorgungsystem der Kassen\u00e4rztlichen Vereinigung. Dadurch k\u00f6nnen die Leistungen der Psychotherapie bei gesetzlich versicherten Patienten von Krankenkassen \u00fcbernommen werden.<\/p>\n<p><strong>Private Krankenversicherung<\/strong><\/p>\n<p>Als Psychologische Psychotherapeutin bin ich einer Fach\u00e4rztin\/ einem Facharzt gleichgestellt. Aus diesem Grund erstatten die privaten Versicherungen in der Regel die Kosten f\u00fcr eine Psychotherapie. Die Abrechnung erfolgt nach der \u201eGeb\u00fchrenordnung f\u00fcr Psychotherapeuten\u201c (GOP). Eine Therapiestunde wird derzeit mit 131,15 Euro (3fach, GOP-Ziffer 870) berechnet. Allerdings kann es sein, dass in Ihrem individuellen Versicherungsvertrag bestimmte Einschr\u00e4nkungen vereinbart wurden. Von diesen Regelungen h\u00e4ngt auch ab, ob und in welcher Form eine Psychotherapie beantragt werden muss. Bitte informieren Sie sich vor Beginn der Psychotherapie \u00fcber die Antragsmodalit\u00e4ten bei Ihrer privaten Krankenversicherung. Die Therapiestunden werden Ihnen als Patient\/in direkt monatlich in Rechnung gestellt und m\u00fcssen von Ihnen anschlie\u00dfend beim Versicherer eingereicht werden. Es besteht die M\u00f6glichkeit, dass Sie eventuell einen Teil der Kosten selbst tragen m\u00fcssen.<\/p>\n<p>Bei beihilfeberechtigten Patienten ist die gesonderte Beantragung einer Kosten\u00fcbernahme erforderlich. Nach den f\u00fcnf probatorischen Sitzungen wird ein inhaltlich begr\u00fcndeter Antrag (Gutachten) erstellt, dessen positiver Bescheid durch die Beihilfe die Voraussetzungen f\u00fcr weitere Therapiesitzungen bildet.<\/p>\n<p><strong>Selbstzahler\u00a0\u00a0<\/strong><\/p>\n<p>Selbstverst\u00e4ndlich k\u00f6nnen Sie die Kosten f\u00fcr eine <em>psychotherapeutische Behandlung<\/em> auch selbst tragen, wenn Sie Ihren Versicherungstr\u00e4ger nicht in Anspruch nehmen m\u00f6chten oder k\u00f6nnen. In diesem Fall sind Sie von sonst unumg\u00e4nglichen Diagnosen befreit und Sie genie\u00dfen den Vorteil der absoluten Diskretion.<\/p>\n<p>Die Abrechnung erfolgt nach der \u201eGeb\u00fchrenordnung f\u00fcr Psychotherapeuten\u201c (GOP). Eine Therapiestunde (50 Minuten) wird derzeit mit 131,15 Euro (3fach, GOP-Ziffer 870) berechnet. <span class=\"color_15\">Die Bezahlung erfolgt monatlich nach Ausstellung einer Rechnung.\u00a0<\/span><\/p>\n<p>Paartherapie ist eine Privatleistung, ich biete 60 bis 120 Minuten-Termine an. Eine Paartherapiestunde wird derzeit mit 150 Euro berechnet. Das Erstgespr\u00e4ch dauert 120 Min..<\/p>\n<p>Schema-Coaching\/Beratung &#8211; es werden meistens 2 bis 5 Sitzungen wahrgenommen.<br \/>\nHinweis: In der Regel lassen sich die Kosten steuerlich absetzen, wenn es um berufliche Themen geht.<\/p>\n<p><em>Seminare und Trainings<\/em> erfragen Sie bitte gesondert.<\/p>\n<p>&nbsp;<\/p>\n","protected":false},"excerpt":{"rendered":"<p>Gesetzliche Krankenversicherung Als zugelassene Psychotherapeutin bin ich im Versorgungsystem der Kassen\u00e4rztlichen Vereinigung. Dadurch k\u00f6nnen die Leistungen der Psychotherapie bei gesetzlich versicherten Patienten von Krankenkassen \u00fcbernommen werden. Private Krankenversicherung Als Psychologische Psychotherapeutin bin ich einer Fach\u00e4rztin\/ einem Facharzt gleichgestellt. Aus diesem Grund erstatten die privaten Versicherungen in der Regel die Kosten f\u00fcr eine Psychotherapie. Die Abrechnung [&hellip;]<\/p>\n","protected":false},"author":1,"featured_media":0,"parent":0,"menu_order":5,"comment_status":"closed","ping_status":"open","template":"","meta":{"footnotes":""},"class_list":["post-203","page","type-page","status-publish","hentry"],"_links":{"self":[{"href":"https:\/\/bulla-garlonta.de\/index.php?rest_route=\/wp\/v2\/pages\/203","targetHints":{"allow":["GET"]}}],"collection":[{"href":"https:\/\/bulla-garlonta.de\/index.php?rest_route=\/wp\/v2\/pages"}],"about":[{"href":"https:\/\/bulla-garlonta.de\/index.php?rest_route=\/wp\/v2\/types\/page"}],"author":[{"embeddable":true,"href":"https:\/\/bulla-garlonta.de\/index.php?rest_route=\/wp\/v2\/users\/1"}],"replies":[{"embeddable":true,"href":"https:\/\/bulla-garlonta.de\/index.php?rest_route=%2Fwp%2Fv2%2Fcomments&post=203"}],"version-history":[{"count":23,"href":"https:\/\/bulla-garlonta.de\/index.php?rest_route=\/wp\/v2\/pages\/203\/revisions"}],"predecessor-version":[{"id":1069,"href":"https:\/\/bulla-garlonta.de\/index.php?rest_route=\/wp\/v2\/pages\/203\/revisions\/1069"}],"wp:attachment":[{"href":"https:\/\/bulla-garlonta.de\/index.php?rest_route=%2Fwp%2Fv2%2Fmedia&parent=203"}],"curies":[{"name":"wp","href":"https:\/\/api.w.org\/{rel}","templated":true}]}}