{"id":13,"date":"2015-03-11T15:40:06","date_gmt":"2015-03-11T15:40:06","guid":{"rendered":"http:\/\/bulla-garlonta.de\/?page_id=13"},"modified":"2025-06-23T07:09:39","modified_gmt":"2025-06-23T07:09:39","slug":"impressum","status":"publish","type":"page","link":"https:\/\/bulla-garlonta.de\/?page_id=13","title":{"rendered":"Impressum"},"content":{"rendered":"<div class=\"impressum\">\n<h1>Impressum<\/h1>\n<p><strong>Psychotherapeutische Praxis<br \/>\nAmalia Aurelia Bulla-Garlonta<br \/>\nDiplom-Psychologin<br \/>\nPsychologische Psychotherapeutin (Verhaltenstherapie)<br \/>\nGruppenpsychotherapeutin (Verhaltenstherapie)<br \/>\nSchematherapeutin (Advanced Zertifikation, ISST)<br \/>\nDozentin und Selbsterfahrungsleiterin<br \/>\n<\/strong><\/p>\n<\/div>\n<p><span class=\"LrzXr\">Hein-Heckroth-Str. 15<\/span><strong>\u00a0 \u00a0<\/strong><br \/>\n35390 Gie\u00dfen<br \/>\nTel.: 0641\/97 227 552<br \/>\n<a href=\"https:\/\/www.bulla-garlonta.de\/\" target=\"_blank\" rel=\"noopener noreferrer\">www.bulla-garlonta.de<\/a><\/p>\n<p><strong>Berufsbezeichnung:<\/strong><br \/>\nDiplom-Psychologin (Justus-Liebig-Universit\u00e4t Gie\u00dfen)<br \/>\nApprobation als Psychologische Psychotherapeutin (Hessisches Landespr\u00fcfungsamt f\u00fcr Heilberufe, Frankfurt)<\/p>\n<p><b>Zust\u00e4ndige Aufsichtsbeh\u00f6rde:<br \/>\n<\/b>Kassen\u00e4rztliche Vereinigung Hessen<br \/>\nGeorg-Voigt-Str. 15<br \/>\n60325 Frankfurt<br \/>\nPsychotherapeuten-Register-Nummer: 83477<\/p>\n<p><b>Zust\u00e4ndige Kammer:<br \/>\n<\/b>Landeskammer f\u00fcr Psychologische Psychotherapeutinnen und -therapeuten und Kinder- und Jugendlichenpsychotherapeutinnen und- therapeuten Hessen<\/p>\n<p><b>Mitgliedschaft:<br \/>\n<\/b>ISST (International Society of Schema Therapy)<br \/>\nLPPKJP Hessen (Landeskammer f\u00fcr Psychologische Psychotherapeutinnen und -therapeuten und Kinder- und Jugendlichenpsychotherapeutinnen und -therapeuten Hessen)Es gelten folgende berufsrechtliche Regelungen: Arzt-Gesetzbuch Regelungen einsehbar unter: http:\/\/www.aerztekammer-nrw.de.<\/p>\n<div class=\"impressum\">\n<p>&nbsp;<\/p>\n<p><strong>Haftungsausschluss: <\/strong><\/p>\n<p><strong>Haftung f\u00fcr Inhalte<\/strong><\/p>\n<p>Die Inhalte unserer Seiten wurden mit gr\u00f6\u00dfter Sorgfalt erstellt. F\u00fcr die Richtigkeit, Vollst\u00e4ndigkeit und Aktualit\u00e4t der Inhalte k\u00f6nnen wir jedoch keine Gew\u00e4hr \u00fcbernehmen. Als Diensteanbieter sind wir f\u00fcr eigene Inhalte auf diesen Seiten nach den allgemeinen Gesetzen verantwortlich. Wir sind als Diensteanbieter jedoch nicht verpflichtet, \u00fcbermittelte oder gespeicherte fremde Informationen zu \u00fcberwachen oder nach Umst\u00e4nden zu forschen, die auf eine rechtswidrige T\u00e4tigkeit hinweisen. Verpflichtungen zur Entfernung oder Sperrung der Nutzung von Informationen nach den allgemeinen Gesetzen bleiben hiervon unber\u00fchrt. Eine diesbez\u00fcgliche Haftung ist jedoch erst ab dem Zeitpunkt der Kenntnis einer konkreten Rechtsverletzung m\u00f6glich. Bei Bekanntwerden von entsprechenden Rechtsverletzungen werden wir diese Inhalte umgehend entfernen.<\/p>\n<p><strong>Haftung f\u00fcr Links<\/strong><\/p>\n<p>Unser Angebot enth\u00e4lt Links zu externen Webseiten Dritter, auf deren Inhalte wir keinen Einfluss haben. Deshalb k\u00f6nnen wir f\u00fcr diese fremden Inhalte auch keine Gew\u00e4hr \u00fcbernehmen. F\u00fcr die Inhalte der verlinkten Seiten ist stets der jeweilige Anbieter oder Betreiber der Seiten verantwortlich. Die verlinkten Seiten wurden zum Zeitpunkt der Verlinkung auf m\u00f6gliche Rechtsverst\u00f6\u00dfe \u00fcberpr\u00fcft. Rechtswidrige Inhalte waren zum Zeitpunkt der Verlinkung nicht erkennbar. Eine permanente inhaltliche Kontrolle der verlinkten Seiten ist jedoch ohne konkrete Anhaltspunkte einer Rechtsverletzung nicht zumutbar. Bei Bekanntwerden von Rechtsverletzungen werden wir derartige Links umgehend entfernen.<\/p>\n<p><strong>Urheberrecht<\/strong><\/p>\n<p>Die durch die Seitenbetreiber erstellten Inhalte und Werke auf diesen Seiten unterliegen dem deutschen Urheberrecht. Die Vervielf\u00e4ltigung, Bearbeitung, Verbreitung und jede Art der Verwertung au\u00dferhalb der Grenzen des Urheberrechtes bed\u00fcrfen der schriftlichen Zustimmung des jeweiligen Autors bzw. Erstellers. Downloads und Kopien dieser Seite sind nur f\u00fcr den privaten, nicht kommerziellen Gebrauch gestattet. Soweit die Inhalte auf dieser Seite nicht vom Betreiber erstellt wurden, werden die Urheberrechte Dritter beachtet. Insbesondere werden Inhalte Dritter als solche gekennzeichnet. Sollten Sie trotzdem auf eine Urheberrechtsverletzung aufmerksam werden, bitten wir um einen entsprechenden Hinweis. Bei Bekanntwerden von Rechtsverletzungen werden wir derartige Inhalte umgehend entfernen.<\/p>\n<\/div>\n","protected":false},"excerpt":{"rendered":"<p>Impressum Psychotherapeutische Praxis Amalia Aurelia Bulla-Garlonta Diplom-Psychologin Psychologische Psychotherapeutin (Verhaltenstherapie) Gruppenpsychotherapeutin (Verhaltenstherapie) Schematherapeutin (Advanced Zertifikation, ISST) Dozentin und Selbsterfahrungsleiterin Hein-Heckroth-Str. 15\u00a0 \u00a0 35390 Gie\u00dfen Tel.: 0641\/97 227 552 www.bulla-garlonta.de Berufsbezeichnung: Diplom-Psychologin (Justus-Liebig-Universit\u00e4t Gie\u00dfen) Approbation als Psychologische Psychotherapeutin (Hessisches Landespr\u00fcfungsamt f\u00fcr Heilberufe, Frankfurt) Zust\u00e4ndige Aufsichtsbeh\u00f6rde: Kassen\u00e4rztliche Vereinigung Hessen Georg-Voigt-Str. 15 60325 Frankfurt Psychotherapeuten-Register-Nummer: 83477 Zust\u00e4ndige Kammer: [&hellip;]<\/p>\n","protected":false},"author":1,"featured_media":0,"parent":0,"menu_order":8,"comment_status":"closed","ping_status":"closed","template":"","meta":{"footnotes":""},"class_list":["post-13","page","type-page","status-publish","hentry"],"_links":{"self":[{"href":"https:\/\/bulla-garlonta.de\/index.php?rest_route=\/wp\/v2\/pages\/13","targetHints":{"allow":["GET"]}}],"collection":[{"href":"https:\/\/bulla-garlonta.de\/index.php?rest_route=\/wp\/v2\/pages"}],"about":[{"href":"https:\/\/bulla-garlonta.de\/index.php?rest_route=\/wp\/v2\/types\/page"}],"author":[{"embeddable":true,"href":"https:\/\/bulla-garlonta.de\/index.php?rest_route=\/wp\/v2\/users\/1"}],"replies":[{"embeddable":true,"href":"https:\/\/bulla-garlonta.de\/index.php?rest_route=%2Fwp%2Fv2%2Fcomments&post=13"}],"version-history":[{"count":28,"href":"https:\/\/bulla-garlonta.de\/index.php?rest_route=\/wp\/v2\/pages\/13\/revisions"}],"predecessor-version":[{"id":1065,"href":"https:\/\/bulla-garlonta.de\/index.php?rest_route=\/wp\/v2\/pages\/13\/revisions\/1065"}],"wp:attachment":[{"href":"https:\/\/bulla-garlonta.de\/index.php?rest_route=%2Fwp%2Fv2%2Fmedia&parent=13"}],"curies":[{"name":"wp","href":"https:\/\/api.w.org\/{rel}","templated":true}]}}